{"id":8093,"date":"2018-02-13T12:40:33","date_gmt":"2018-02-13T10:40:33","guid":{"rendered":"https:\/\/aloudmusic.com\/producto\/marina-herlop-nanook\/"},"modified":"2023-12-09T04:01:44","modified_gmt":"2023-12-09T03:01:44","slug":"marina-herlop-nanook","status":"publish","type":"product","link":"https:\/\/aloudmusic.com\/en\/producto\/marina-herlop-nanook\/","title":{"rendered":"Marina Herlop &#8211; Nanook"},"content":{"rendered":"<p><em><strong>CD fullflap special edition, limited to 250 copies with booklet. Previously released\u00a0on digital by Instrumental Records (UK).\u00a0<\/strong><\/em><\/p>\n<p>These ten tracks don\u2019t deliberately talk about anything in specific. Marina wants to reflect nothing but her aesthetic criteria, so she leaves the task of finding any real world references to the listener. However, the album is inevitably a compilation of the emotional spectrum in which she has been sliding over the last three years, in a constant pursuit of musical fulfilment.<br \/>\nCheesy as it might sound, the reason for entitling it Nanook is that she wanted to give this name to her first child. In some way this is the first time she is delivering something to the world that didn\u2019t exist before.<\/p>\n<p>The recording process of this album was made from February 14th to April 23rd 2016 in Adri Gonz\u00e1lez\u2019s studio. He supervised, produced and masterized every song in the album.<\/p>\n","protected":false},"excerpt":{"rendered":"<p><a href=\"http:\/\/marinaherlop.bandcamp.com\/album\/nanook\">Nanook by Marina Herlop<\/a><\/p>\n<p>&#8220;Estas diez pistas no hablan deliberadamente de nada en espec\u00edfico. No quiero reflejar m\u00e1s que mis criterios est\u00e9ticos, as\u00ed que dejo la tarea de encontrar referencias del mundo real al oyente. Sin embargo, creo que el \u00e1lbum es inevitablemente una compilaci\u00f3n del espectro emocional en el que he estado desliz\u00e1ndome en los \u00faltimos tres a\u00f1os, en una b\u00fasqueda constante de la realizaci\u00f3n musical.<\/p>\n<p>Por cursi que pueda parecer, la raz\u00f3n por la que Nanook tiene derecho es porque quer\u00eda darle este nombre a mi primer hijo. De alguna manera, esta es la primera vez que estoy entregando algo al mundo que no exist\u00eda antes.&#8221; <strong>Marina Herlop<\/strong>.<\/p>\n","protected":false},"featured_media":7773,"comment_status":"open","ping_status":"closed","template":"","meta":[],"product_brand":[],"product_cat":[759,808,326,351],"product_tag":[810,811,553,809],"class_list":{"0":"post-8093","1":"product","2":"type-product","3":"status-publish","4":"has-post-thumbnail","6":"product_cat-offers","7":"product_cat-marinaherlop","8":"product_cat-aloud-music-ltd","9":"product_cat-cds-en","10":"product_tag-piano-en","11":"product_tag-contemporanea-en","12":"product_tag-instrumental-en","13":"product_tag-marina-herlop-en","14":"product_shipping_class-cds","16":"first","17":"instock","18":"sale","19":"shipping-taxable","20":"purchasable","21":"product-type-simple"},"composite_virtual":false,"composite_layout":"","composite_add_to_cart_form_location":"","composite_editable_in_cart":false,"composite_sold_individually_context":"","composite_shop_price_calc":"","composite_components":[],"composite_scenarios":[],"group_of_quantity":0,"min_quantity":0,"max_quantity":"","exclude_order_quantity_value_rules":"no","exclude_category_quantity_rules":"no","combine_variations":"no","_links":{"self":[{"href":"https:\/\/aloudmusic.com\/en\/wp-json\/wp\/v2\/product\/8093","targetHints":{"allow":["GET"]}}],"collection":[{"href":"https:\/\/aloudmusic.com\/en\/wp-json\/wp\/v2\/product"}],"about":[{"href":"https:\/\/aloudmusic.com\/en\/wp-json\/wp\/v2\/types\/product"}],"replies":[{"embeddable":true,"href":"https:\/\/aloudmusic.com\/en\/wp-json\/wp\/v2\/comments?post=8093"}],"wp:featuredmedia":[{"embeddable":true,"href":"https:\/\/aloudmusic.com\/en\/wp-json\/wp\/v2\/media\/7773"}],"wp:attachment":[{"href":"https:\/\/aloudmusic.com\/en\/wp-json\/wp\/v2\/media?parent=8093"}],"wp:term":[{"taxonomy":"product_brand","embeddable":true,"href":"https:\/\/aloudmusic.com\/en\/wp-json\/wp\/v2\/product_brand?post=8093"},{"taxonomy":"product_cat","embeddable":true,"href":"https:\/\/aloudmusic.com\/en\/wp-json\/wp\/v2\/product_cat?post=8093"},{"taxonomy":"product_tag","embeddable":true,"href":"https:\/\/aloudmusic.com\/en\/wp-json\/wp\/v2\/product_tag?post=8093"}],"curies":[{"name":"wp","href":"https:\/\/api.w.org\/{rel}","templated":true}]}}