{"id":6348,"date":"2016-12-13T16:26:25","date_gmt":"2016-12-13T15:26:25","guid":{"rendered":"https:\/\/aloudmusic.com\/product\/viva-belgrado-ulises-vinilo-black-180gr\/"},"modified":"2017-02-07T17:41:39","modified_gmt":"2017-02-07T17:41:39","slug":"viva-belgrado-ulises-vinilo-black-180gr","status":"publish","type":"product","link":"https:\/\/aloudmusic.com\/en\/producto\/viva-belgrado-ulises-vinilo-black-180gr\/","title":{"rendered":"Viva Belgrado &#8211; Ulises (Black Vinyl 180gr. )"},"content":{"rendered":"<p><iframe loading=\"lazy\" style=\"border: 0; width: 350px; height: 470px;\" src=\"https:\/\/bandcamp.com\/EmbeddedPlayer\/album=2712396382\/size=large\/bgcol=ffffff\/linkcol=0687f5\/tracklist=false\/transparent=true\/\" width=\"300\" height=\"150\" seamless=\"\"><a href=\"https:\/\/aloudmusic.bandcamp.com\/album\/ulises\">Ulises by Viva Belgrado<\/a><\/iframe><\/p>\n","protected":false},"excerpt":{"rendered":"<p>EDICI\u00d3N LIMITADA A <strong>150<\/strong>\u00a0COPIAS<\/p>\n<p><strong>BLACK 180gr.<\/strong><\/p>\n<p>Ulises:<br \/>\nsustantivo propio<br \/>\n1. Nombre latino de Odiseo, h\u00e9roe griego protagonista de la Odisea de Homero. En referencia al viaje y su constante tr\u00e1nsito en pos de \u00cdtaca.<br \/>\n2. Novela del escritor irland\u00e9s James Joyce publicada en 1922. En referencia a los recurrentes cambios de registro, as\u00ed como a su af\u00e1n por recrear la odisea del ciudadano moderno a trav\u00e9s de 24 horas en la vida de un oficinista.<\/p>\n<p>&#8220;<em>Read your own obituary notice they say you live longer. Gives you second wind. New lease of life.<\/em>\u201d \u2014 Ulysses, James Joyce<\/p>\n<p>Grabado por\u00a0<b>Santi Garc\u00eda<\/b>\u00a0entre los estudios Cal Pau y Ultramarinos Costa Brava, \u00ab<strong>Ulises<\/strong>\u00bb es una suerte de libre reinterpretaci\u00f3n de la obra hom\u00f3nima de\u00a0<b>James Joyce<\/b>. De ah\u00ed los diferentes y arriesgados cambios de registro, tanto a nivel l\u00edrico como instrumental, y el af\u00e1n por describir las peque\u00f1as miserias que conforman la odisea del ciudadano moderno. En ese sentido, se ha tratado de rodear al disco con un aura de honestidad total: el sonido es crudo, apenas se han doblado instrumentos; las bater\u00edas se grabaron en el comedor de un caser\u00edo buscando un sonido\u00a0<i>roomy<\/i>\u00a0natural referente al de\u00a0<b>Steve Albini<\/b>;\u00a0e incluso el artwork ha sido dise\u00f1ado por la propia banda.<\/p>\n","protected":false},"featured_media":4616,"comment_status":"open","ping_status":"closed","template":"","meta":[],"product_brand":[],"product_cat":[326,347,355],"product_tag":[],"class_list":{"0":"post-6348","1":"product","2":"type-product","3":"status-publish","4":"has-post-thumbnail","6":"product_cat-aloud-music-ltd","7":"product_cat-viva-belgrado","8":"product_cat-vinyls","9":"product_shipping_class-vinilos","11":"first","12":"outofstock","13":"shipping-taxable","14":"purchasable","15":"product-type-simple"},"composite_virtual":false,"composite_layout":"","composite_add_to_cart_form_location":"","composite_editable_in_cart":false,"composite_sold_individually_context":"","composite_shop_price_calc":"","composite_components":[],"composite_scenarios":[],"group_of_quantity":0,"min_quantity":0,"max_quantity":"","exclude_order_quantity_value_rules":"no","exclude_category_quantity_rules":"no","combine_variations":"no","_links":{"self":[{"href":"https:\/\/aloudmusic.com\/en\/wp-json\/wp\/v2\/product\/6348","targetHints":{"allow":["GET"]}}],"collection":[{"href":"https:\/\/aloudmusic.com\/en\/wp-json\/wp\/v2\/product"}],"about":[{"href":"https:\/\/aloudmusic.com\/en\/wp-json\/wp\/v2\/types\/product"}],"replies":[{"embeddable":true,"href":"https:\/\/aloudmusic.com\/en\/wp-json\/wp\/v2\/comments?post=6348"}],"wp:featuredmedia":[{"embeddable":true,"href":"https:\/\/aloudmusic.com\/en\/wp-json\/wp\/v2\/media\/4616"}],"wp:attachment":[{"href":"https:\/\/aloudmusic.com\/en\/wp-json\/wp\/v2\/media?parent=6348"}],"wp:term":[{"taxonomy":"product_brand","embeddable":true,"href":"https:\/\/aloudmusic.com\/en\/wp-json\/wp\/v2\/product_brand?post=6348"},{"taxonomy":"product_cat","embeddable":true,"href":"https:\/\/aloudmusic.com\/en\/wp-json\/wp\/v2\/product_cat?post=6348"},{"taxonomy":"product_tag","embeddable":true,"href":"https:\/\/aloudmusic.com\/en\/wp-json\/wp\/v2\/product_tag?post=6348"}],"curies":[{"name":"wp","href":"https:\/\/api.w.org\/{rel}","templated":true}]}}