{"id":5190,"date":"2016-09-18T17:57:18","date_gmt":"2016-09-18T16:57:18","guid":{"rendered":"https:\/\/aloudmusic.com\/en\/producto\/jardin-de-la-croix-circadia-vinilo\/"},"modified":"2017-08-03T17:33:17","modified_gmt":"2017-08-03T17:33:17","slug":"jardin-de-la-croix-circadia-vinilo","status":"publish","type":"product","link":"https:\/\/aloudmusic.com\/en\/producto\/jardin-de-la-croix-circadia-vinilo\/","title":{"rendered":"Jard\u00edn de la Croix &#8211; Circadia (Clear &#038; White Mixed Vinyl)"},"content":{"rendered":"<p>Their live shows are impressive, their tappings impossible and they rhythms possessed by the devil. Moreover,\u00a0<strong>JARDIN DE LA CROIX<\/strong>\u00a0have, without any doubt, written some of the best songs of the so-called &#8220;new math rock&#8221; in Europe. With their former album, \u201c187 steps to cross the universe\u201d (2013, Lar Gravacions) they confirmed their evolution, but now, with &#8220;Circadia&#8221; (Aloud Music \/ Lar) they created a piece of \u00a0uncontrollable rock that flirts with schizophrenia, makes their passion for the difficult even bigger and that will bring them the recognition of a wide audience and specialized media.<\/p>\n<p>Formed by Israel Arias\u00a0(drums), Ander Carballo (guitar and synth), Pablo Rodr\u00edguez (guitar) y Nacho Hern\u00e1ndez (bass), <strong>Jard\u00edn de la Croix<\/strong> is a compact band, 4 albums already released and always growing. Seeing them live is a MUST if you like progressive or instrumental rock. And if it isn&#8217;t, you can discover a world that would drive you crazy for a while.<\/p>\n<p><em>Gatefold\u00a0<\/em>edition, with a beautiful 90X30 insert, limted edition of 200 copies\u00a0<strong>CLEAR &amp; WHITE MIXED.\u00a0<\/strong><\/p>\n","protected":false},"excerpt":{"rendered":"<p><em>Gatefold\u00a0<\/em>edition, with a beautiful 90X30 insert, limted edition of 200 copies\u00a0<strong>CLEAR &amp; WHITE MIXED.\u00a0<\/strong><br \/>\n<iframe loading=\"lazy\" style=\"border: 0; width: 100%; height: 120px;\" src=\"https:\/\/bandcamp.com\/EmbeddedPlayer\/track=3086083258\/size=large\/bgcol=ffffff\/linkcol=0687f5\/tracklist=false\/artwork=small\/transparent=true\/\" width=\"300\" height=\"150\" seamless=\"\"><a href=\"http:\/\/jardindelacroix.bandcamp.com\/track\/intermareals-2\">Intermareals by Jard\u00edn de la Croix<\/a><\/iframe><\/p>\n","protected":false},"featured_media":5189,"comment_status":"open","ping_status":"closed","template":"","meta":[],"product_brand":[],"product_cat":[326,338,355],"product_tag":[],"class_list":{"0":"post-5190","1":"product","2":"type-product","3":"status-publish","4":"has-post-thumbnail","6":"product_cat-aloud-music-ltd","7":"product_cat-jardin-de-la-croix","8":"product_cat-vinyls","10":"first","11":"outofstock","12":"shipping-taxable","13":"purchasable","14":"product-type-simple"},"composite_virtual":false,"composite_layout":"","composite_add_to_cart_form_location":"","composite_editable_in_cart":false,"composite_sold_individually_context":"","composite_shop_price_calc":"","composite_components":[],"composite_scenarios":[],"group_of_quantity":0,"min_quantity":0,"max_quantity":"","exclude_order_quantity_value_rules":"no","exclude_category_quantity_rules":"no","combine_variations":"no","_links":{"self":[{"href":"https:\/\/aloudmusic.com\/en\/wp-json\/wp\/v2\/product\/5190","targetHints":{"allow":["GET"]}}],"collection":[{"href":"https:\/\/aloudmusic.com\/en\/wp-json\/wp\/v2\/product"}],"about":[{"href":"https:\/\/aloudmusic.com\/en\/wp-json\/wp\/v2\/types\/product"}],"replies":[{"embeddable":true,"href":"https:\/\/aloudmusic.com\/en\/wp-json\/wp\/v2\/comments?post=5190"}],"wp:featuredmedia":[{"embeddable":true,"href":"https:\/\/aloudmusic.com\/en\/wp-json\/wp\/v2\/media\/5189"}],"wp:attachment":[{"href":"https:\/\/aloudmusic.com\/en\/wp-json\/wp\/v2\/media?parent=5190"}],"wp:term":[{"taxonomy":"product_brand","embeddable":true,"href":"https:\/\/aloudmusic.com\/en\/wp-json\/wp\/v2\/product_brand?post=5190"},{"taxonomy":"product_cat","embeddable":true,"href":"https:\/\/aloudmusic.com\/en\/wp-json\/wp\/v2\/product_cat?post=5190"},{"taxonomy":"product_tag","embeddable":true,"href":"https:\/\/aloudmusic.com\/en\/wp-json\/wp\/v2\/product_tag?post=5190"}],"curies":[{"name":"wp","href":"https:\/\/api.w.org\/{rel}","templated":true}]}}