{"id":4417,"date":"2016-07-11T15:48:44","date_gmt":"2016-07-11T13:48:44","guid":{"rendered":"https:\/\/aloudmusic.com\/en\/product\/lefou-electrocardiograma\/"},"modified":"2016-07-11T15:50:30","modified_gmt":"2016-07-11T15:50:30","slug":"lefou-electrocardiograma","status":"publish","type":"product","link":"https:\/\/aloudmusic.com\/en\/producto\/lefou-electrocardiograma\/","title":{"rendered":"Lefou &#8211; Electrocardiograma"},"content":{"rendered":"<p>Le Fou desembarcan con un nuevo proyecto &#8211; un nuevo disco (titulado \u201cElectrocardiodrama\u201d y editado por \u201cCYDONIA, 2007\u201d). Tras la experiencia en el estudio con el productor Santi Garc\u00eda tienen ahora los sentidos a flor de piel. Los soniditos se deslizan entre las canciones y los ritmos fren\u00e9ticos acarician los o\u00eddos despiertos.Tienen ganas de abrirse y mostrar su propuesta de Rock,Punk,Emo,Pop,Core,Romantic,Electro,Cardio,Drama. Un test para los sentidos previo a la gira de presentaci\u00f3n del segundo disco que los llevar\u00e1 por Espa\u00f1a otra vez y, quiz\u00e1s, a otros mundos sensibles exteriores y creativos.<\/p>\n","protected":false},"excerpt":{"rendered":"<p>Le Fou desembarcan con un nuevo proyecto &#8211; un nuevo disco (titulado \u201cElectrocardiodrama\u201d y editado por \u201cCYDONIA, 2007\u201d). Tras la experiencia en el estudio con el productor Santi Garc\u00eda tienen ahora los sentidos a flor de piel. Los soniditos se deslizan entre las canciones y&#8230;<\/p>\n","protected":false},"featured_media":4416,"comment_status":"open","ping_status":"closed","template":"","meta":[],"product_brand":[],"product_cat":[329,351,759],"product_tag":[647],"class_list":{"0":"post-4417","1":"product","2":"type-product","3":"status-publish","4":"has-post-thumbnail","6":"product_cat-distribution","7":"product_cat-cds-en","8":"product_cat-offers","9":"product_tag-pop-rock-en","10":"product_shipping_class-cds","12":"first","13":"instock","14":"sale","15":"shipping-taxable","16":"purchasable","17":"product-type-simple"},"composite_virtual":false,"composite_layout":"","composite_add_to_cart_form_location":"","composite_editable_in_cart":false,"composite_sold_individually_context":"","composite_shop_price_calc":"","composite_components":[],"composite_scenarios":[],"group_of_quantity":0,"min_quantity":0,"max_quantity":"","exclude_order_quantity_value_rules":"no","exclude_category_quantity_rules":"no","combine_variations":"no","_links":{"self":[{"href":"https:\/\/aloudmusic.com\/en\/wp-json\/wp\/v2\/product\/4417","targetHints":{"allow":["GET"]}}],"collection":[{"href":"https:\/\/aloudmusic.com\/en\/wp-json\/wp\/v2\/product"}],"about":[{"href":"https:\/\/aloudmusic.com\/en\/wp-json\/wp\/v2\/types\/product"}],"replies":[{"embeddable":true,"href":"https:\/\/aloudmusic.com\/en\/wp-json\/wp\/v2\/comments?post=4417"}],"wp:featuredmedia":[{"embeddable":true,"href":"https:\/\/aloudmusic.com\/en\/wp-json\/wp\/v2\/media\/4416"}],"wp:attachment":[{"href":"https:\/\/aloudmusic.com\/en\/wp-json\/wp\/v2\/media?parent=4417"}],"wp:term":[{"taxonomy":"product_brand","embeddable":true,"href":"https:\/\/aloudmusic.com\/en\/wp-json\/wp\/v2\/product_brand?post=4417"},{"taxonomy":"product_cat","embeddable":true,"href":"https:\/\/aloudmusic.com\/en\/wp-json\/wp\/v2\/product_cat?post=4417"},{"taxonomy":"product_tag","embeddable":true,"href":"https:\/\/aloudmusic.com\/en\/wp-json\/wp\/v2\/product_tag?post=4417"}],"curies":[{"name":"wp","href":"https:\/\/api.w.org\/{rel}","templated":true}]}}