{"id":3523,"date":"2016-01-25T13:06:36","date_gmt":"2016-01-25T12:06:36","guid":{"rendered":"https:\/\/aloudmusic.com\/en\/product\/jardin-de-la-croix-187-steps-to-cross-the-universe-vinyl\/"},"modified":"2022-02-24T00:50:50","modified_gmt":"2022-02-23T23:50:50","slug":"jardin-de-la-croix-187-steps-to-cross-the-universe-vinyl","status":"publish","type":"product","link":"https:\/\/aloudmusic.com\/en\/producto\/jardin-de-la-croix-187-steps-to-cross-the-universe-vinyl\/","title":{"rendered":"Jard\u00edn de la Croix &#8211; 187 steps to cross the universe (Vinyl)"},"content":{"rendered":"<p><strong>Jard\u00edn de la Croix<\/strong> es una banda instrumental, formada en 2006, que practica una singular mezcla entre <em>Post Rock, Math Rock y Rock Progresivo<\/em>. Desde su formaci\u00f3n la banda ha publicado tres discos, el \u00faltimo de los cuales, \u201c<strong>187 Steps to cross the Universe<\/strong>\u201d vio la luz en febrero de 2013.<\/p>\n<p><strong>Pomeroy<\/strong> (Autoeditado) fue su primer trabajo, que se public\u00f3 en 2008 y fue grabado en Manit\u00fa Studios. Con \u00e9l la banda se dio a conocer al p\u00fablico como una de las grandes promesas del rock instrumental del panorama nacional. Agotaron la primera tirada de 1000 copias, por lo que tuvieron que hacer una reedici\u00f3n. Recibieron buenas cr\u00edticas de los medios m\u00e1s importantes a nivel nacional, as\u00ed como por parte de webzines y del p\u00fablico. Gracias a este primer trabajo, compartieron escenario con grupos internacionales como: <strong>This Will Destroy You<\/strong> (Usa), <strong>Caspian<\/strong> (Usa), <strong>Russian Circles<\/strong> (Usa), <strong>My Own Private Alaska<\/strong> (Fr), <strong>Long Distance Calling<\/strong> (Ger), <strong>Katabatic<\/strong> (Pt); y nacionales como <strong>Toundra<\/strong> y <strong>Adrift<\/strong>.<\/p>\n<p>En el a\u00f1o 2011, el cuarteto publica su segundo trabajo: <strong>Ocean Cosmonauts<\/strong>, grabado en Estudio Uno, masterizado en RFI\/CD por Ed Brooks y editado por Noma Records. Es a partir de entonces, cuando la banda se consolida como uno de los grandes nombres de la escena instrumental, siendo, junto a formaciones como Toundra, una referencia para un p\u00fablico \u00e1vido de nuevas propuestas en el terreno musical.<\/p>\n<p>Durante los a\u00f1os 2011 y 2012, <strong>Jard\u00edn de la Croix<\/strong> gir\u00f3 por la geograf\u00eda espa\u00f1ola presentando Ocean Cosmonauts. Agotaron todas las entradas en la madrile\u00f1a sala Taboo el d\u00eda de la presentaci\u00f3n. Adem\u00e1s tocaron en Valencia, en Barcelona junto a Butterfly Explosions, en Mungia con los americanos Radio Moscow, en el festival portugu\u00e9s <strong>Milh\u00f5es de Festa<\/strong> 2011 junto a grandes nombres como Graveyard, Secret Chiefs 3 y Karma To Burn; en el festival <strong>Takio Fest<\/strong> acompa\u00f1ando a Kylesa, Year of no light, Adolescents, as\u00ed como una gran cantidad de conciertos por otros puntos de la geograf\u00eda espa\u00f1ola. En Madrid telonearon a <strong>Baroness<\/strong>, <strong>And So I Watch You from Afar<\/strong>, <strong>Immanu el<\/strong> y <strong>Maybeshewill<\/strong>. Adem\u00e1s acompa\u00f1aron a los americanos <strong>Caspian<\/strong> en su gira por el territorio nacional.<\/p>\n<p>Info y fotos extra\u00eddas de:\u00a0<a href=\"http:\/\/www.largravacions.com\/web\/\">http:\/\/www.largravacions.com\/web\/<\/a><\/p>\n<h3>VIDEO<\/h3>\n<p><iframe loading=\"lazy\" title=\"Jard\u00edn de la Croix - Colorado Springs OFFICIAL VIDEO [HD]\" width=\"1060\" height=\"596\" src=\"https:\/\/www.youtube.com\/embed\/p9ORORQel_M?feature=oembed\" frameborder=\"0\" allow=\"accelerometer; autoplay; clipboard-write; encrypted-media; gyroscope; picture-in-picture\" allowfullscreen><\/iframe><\/p>\n<h3>TRACKLIST<\/h3>\n<p>001. Man made lightning<br \/>\n002. Topsy\u00b4s revenge<br \/>\n003. Colorado springs<br \/>\n004. Talking with planets<\/p>\n","protected":false},"excerpt":{"rendered":"<p><strong>Jard\u00edn de la Croix<\/strong>\u00a0es una banda instrumental, formada en 2006, que practica una singular mezcla entre\u00a0<em>Post Rock, Math Rock y Rock Progresivo<\/em>. Desde su formaci\u00f3n la banda ha publicado tres discos, el \u00faltimo de los cuales, \u201c<strong>187 Steps to cross the Universe<\/strong>\u201d vio la luz en febrero de 2013.<\/p>\n","protected":false},"featured_media":3463,"comment_status":"open","ping_status":"closed","template":"","meta":[],"product_brand":[],"product_cat":[326,338,355],"product_tag":[559,550,552,553],"class_list":{"0":"post-3523","1":"product","2":"type-product","3":"status-publish","4":"has-post-thumbnail","6":"product_cat-aloud-music-ltd","7":"product_cat-jardin-de-la-croix","8":"product_cat-vinyls","9":"product_tag-post-prog-en","10":"product_tag-math-rock-en","11":"product_tag-post-rock-en","12":"product_tag-instrumental-en","14":"first","15":"outofstock","16":"shipping-taxable","17":"purchasable","18":"product-type-simple"},"composite_virtual":false,"composite_layout":"","composite_add_to_cart_form_location":"","composite_editable_in_cart":false,"composite_sold_individually_context":"","composite_shop_price_calc":"","composite_components":[],"composite_scenarios":[],"group_of_quantity":0,"min_quantity":0,"max_quantity":"","exclude_order_quantity_value_rules":"no","exclude_category_quantity_rules":"no","combine_variations":"no","_links":{"self":[{"href":"https:\/\/aloudmusic.com\/en\/wp-json\/wp\/v2\/product\/3523","targetHints":{"allow":["GET"]}}],"collection":[{"href":"https:\/\/aloudmusic.com\/en\/wp-json\/wp\/v2\/product"}],"about":[{"href":"https:\/\/aloudmusic.com\/en\/wp-json\/wp\/v2\/types\/product"}],"replies":[{"embeddable":true,"href":"https:\/\/aloudmusic.com\/en\/wp-json\/wp\/v2\/comments?post=3523"}],"wp:featuredmedia":[{"embeddable":true,"href":"https:\/\/aloudmusic.com\/en\/wp-json\/wp\/v2\/media\/3463"}],"wp:attachment":[{"href":"https:\/\/aloudmusic.com\/en\/wp-json\/wp\/v2\/media?parent=3523"}],"wp:term":[{"taxonomy":"product_brand","embeddable":true,"href":"https:\/\/aloudmusic.com\/en\/wp-json\/wp\/v2\/product_brand?post=3523"},{"taxonomy":"product_cat","embeddable":true,"href":"https:\/\/aloudmusic.com\/en\/wp-json\/wp\/v2\/product_cat?post=3523"},{"taxonomy":"product_tag","embeddable":true,"href":"https:\/\/aloudmusic.com\/en\/wp-json\/wp\/v2\/product_tag?post=3523"}],"curies":[{"name":"wp","href":"https:\/\/api.w.org\/{rel}","templated":true}]}}