{"id":26174,"date":"2025-11-28T11:41:39","date_gmt":"2025-11-28T10:41:39","guid":{"rendered":"https:\/\/aloudmusic.com\/producto\/arima-ez-dago-amor-vinyl-cream-blue\/"},"modified":"2026-02-27T17:54:25","modified_gmt":"2026-02-27T16:54:25","slug":"arima-ez-dago-amor-vinyl-cream-blue","status":"publish","type":"product","link":"https:\/\/aloudmusic.com\/en\/producto\/arima-ez-dago-amor-vinyl-cream-blue\/","title":{"rendered":"Arima &#8211; Ez Dago Amor (Vinyl Cream \/ Blue)"},"content":{"rendered":"<p><span style=\"font-weight: 400;\">\u201cEz dago amor\u201d is the fourth album by Arima, the musical project that Paule Bilbao started solo in 2018 and which has since grown and transformed with each release. After a period marked by a sound closer to shoegaze and atmospheric post-rock, Arima takes a turn with this new album towards more industrial, noisy, and dark territories, where the  <\/span><i><span style=\"font-weight: 400;\">noise<\/span><\/i><span style=\"font-weight: 400;\">, <\/span><i><span style=\"font-weight: 400;\">ambient<\/span><\/i><span style=\"font-weight: 400;\"> and the electrical tension takes center stage. This six-song LP, composed and written by Paule Bilbao, represents a turning point and artistic reinvention, exploring a much more direct, visceral, and abrasive language. <\/span><\/p>\n<p><span style=\"font-weight: 400;\">The recording of \u201cEz dago amor\u201d features Josu Gonz\u00e1lez (Impacto Vud\u00fa), Gontzal Bilbao (Ama Say), and Enrico Varagnolo (Animadora). The lineup for live performances will differ from the studio recording. The album was recorded in the spring of 2025 at Bonberenea, produced, recorded, mixed, and mastered by Karlos Osinaga \u201cTxap,\u201d a key figure in Arima&#8217;s career. \u201cEz dago amor\u201d also represents a collaboration between two leading labels: Bonberenea Ekintzak and Aloud Music. With these songs, Arima leaves behind the ethereal and melodic character of their previous albums to delve into a rawer, more intense, and challenging territory, reaffirming their capacity for transformation and artistic risk.    <\/span><\/p>\n<p><span style=\"font-weight: 400;\">\u201cEz dago amor\u201d Arimaren laugarren lana da, Paule Bilbaok 2018an bakarka hasitako proiektu musikala, orduz geroztik disko bakoitzarekin hazten eta eraldatzen joan dena. Shoegaze eta post-rock atmosferikotik hurbilago zegoen soinu batek markatutako etapa baten ondoren, Arimak aldaketa nabarmen bat ematen du diska berri honekin lurralde industrial, zaratatsu eta ilunagoetara, non noisea, ambienta eta tentsio elektrikoa protagonista bihurtzen diren. Paule Bilbaok konposatu eta idatzitako sei abestiz osaturiko LP hau, haustura artistikoko puntu bat da, hizkuntza zuzenagoa eta erraietakoa jorratuz.    <\/span><\/p>\n<p><span style=\"font-weight: 400;\">Josu Gonzalezek (Impacto Vudu), Gontzal Bilbaok (Ama Say) eta Enrico Varagnolok (Animadora) parte hartu dute \u201cEz dago amor\u201d diskaren grabazioan, zuzenekoetan aldiz, aldaketak egongo dira. Diskoa 2025eko udaberrian grabatu zen Bonberenean Karlos Osinagaren \u201cTxap\u201d gidaritzapean, ekoizpen, grabazio, nahasketa eta masterizazio lanak egiten. Gainera, diskak erreferentziazko bi zigilu batuko ditu: Bonberenea Ekintzak eta Aloud Music. Lan honekin, Arimak bere aurreko diskoen izaera etereoa eta melodikoa atzean uzten du, lurralde askoz gordinago eta biziagoan murgiltzeko, eraldaketarako eta arrisku artistikorako gaitasuna berretsiz.   <\/span><\/p>\n","protected":false},"excerpt":{"rendered":"<p><span style=\"font-weight: 400;\">Con estas canciones, Arima deja atr\u00e1s el car\u00e1cter et\u00e9reo y mel\u00f3dico de sus anteriores discos para adentrarse en un territorio m\u00e1s crudo, intenso y desafiante, reafirmando su capacidad de transformaci\u00f3n y riesgo art\u00edstico. Editado en colores crema y azul.  <\/span><\/p>\n","protected":false},"featured_media":26110,"comment_status":"closed","ping_status":"closed","template":"","meta":[],"product_brand":[],"product_cat":[326,355,1295,1296],"product_tag":[],"class_list":{"0":"post-26174","1":"product","2":"type-product","3":"status-publish","4":"has-post-thumbnail","6":"product_cat-aloud-music-ltd","7":"product_cat-vinyls","8":"product_cat-arima-en","9":"product_cat-aloudrecomienda-en","10":"product_shipping_class-vinilos","12":"first","13":"instock","14":"shipping-taxable","15":"purchasable","16":"product-type-variable"},"composite_virtual":false,"composite_layout":"","composite_add_to_cart_form_location":"","composite_editable_in_cart":false,"composite_sold_individually_context":"","composite_shop_price_calc":"","composite_components":[],"composite_scenarios":[],"group_of_quantity":0,"min_quantity":0,"max_quantity":"","exclude_order_quantity_value_rules":"no","exclude_category_quantity_rules":"no","combine_variations":"no","_links":{"self":[{"href":"https:\/\/aloudmusic.com\/en\/wp-json\/wp\/v2\/product\/26174","targetHints":{"allow":["GET"]}}],"collection":[{"href":"https:\/\/aloudmusic.com\/en\/wp-json\/wp\/v2\/product"}],"about":[{"href":"https:\/\/aloudmusic.com\/en\/wp-json\/wp\/v2\/types\/product"}],"replies":[{"embeddable":true,"href":"https:\/\/aloudmusic.com\/en\/wp-json\/wp\/v2\/comments?post=26174"}],"wp:featuredmedia":[{"embeddable":true,"href":"https:\/\/aloudmusic.com\/en\/wp-json\/wp\/v2\/media\/26110"}],"wp:attachment":[{"href":"https:\/\/aloudmusic.com\/en\/wp-json\/wp\/v2\/media?parent=26174"}],"wp:term":[{"taxonomy":"product_brand","embeddable":true,"href":"https:\/\/aloudmusic.com\/en\/wp-json\/wp\/v2\/product_brand?post=26174"},{"taxonomy":"product_cat","embeddable":true,"href":"https:\/\/aloudmusic.com\/en\/wp-json\/wp\/v2\/product_cat?post=26174"},{"taxonomy":"product_tag","embeddable":true,"href":"https:\/\/aloudmusic.com\/en\/wp-json\/wp\/v2\/product_tag?post=26174"}],"curies":[{"name":"wp","href":"https:\/\/api.w.org\/{rel}","templated":true}]}}