{"id":14057,"date":"2021-09-21T13:39:08","date_gmt":"2021-09-21T12:39:08","guid":{"rendered":"https:\/\/aloudmusic.com\/producto\/viva-belgrado-paralelos-meridianos-vol-1\/"},"modified":"2023-04-29T14:55:09","modified_gmt":"2023-04-29T13:55:09","slug":"viva-belgrado-paralelos-meridianos-vol-1","status":"publish","type":"product","link":"https:\/\/aloudmusic.com\/en\/producto\/viva-belgrado-paralelos-meridianos-vol-1\/","title":{"rendered":"Viva Belgrado &#8211; Paralelos\/Meridianos Vol.1"},"content":{"rendered":"","protected":false},"excerpt":{"rendered":"<p><strong>Limited edition of 300 copies, will not be released again.<\/strong><\/p>\n<p><strong>IMPORTANTE!:<\/strong> Due to the collapse that is taking place in vinyl factories worldwide, this 7&#8243; will not be sent until at least December, waiting for a more exact date of receipt of the records.<\/p>\n<p>PARALELOS\/MERIDIANOS is a series of 7\u201d EPs that Viva Belgrado has conceived to release in stages between albums.<\/p>\n<p>&#8220;Un Relato&#8221; and &#8220;Un reflejo&#8221; have been recorded by Sergio Pic\u00f3n at Siete Barbas, mixed by Santi Garc\u00eda at Ultramarinos Costa Brava and mastered by V\u00edctor Garc\u00eda at Ultramarinos Mastering.<\/p>\n<p>The displaced die artwork, which is proposed to give continuity to the different volumes of the collection, is once again the work of <a href=\"https:\/\/handshake.fun\/\">Handshake<\/a>.<\/p>\n<p>Co-released with Puerta Osario and Walking Is Still Honest.<\/p>\n","protected":false},"featured_media":14054,"comment_status":"closed","ping_status":"closed","template":"","meta":[],"product_brand":[],"product_cat":[82,326,347,355],"product_tag":[],"class_list":{"0":"post-14057","1":"product","2":"type-product","3":"status-publish","4":"has-post-thumbnail","6":"product_cat-7pulgadas-en","7":"product_cat-aloud-music-ltd","8":"product_cat-viva-belgrado","9":"product_cat-vinyls","11":"first","12":"instock","13":"shipping-taxable","14":"purchasable","15":"product-type-simple"},"composite_virtual":false,"composite_layout":"","composite_add_to_cart_form_location":"","composite_editable_in_cart":false,"composite_sold_individually_context":"","composite_shop_price_calc":"","composite_components":[],"composite_scenarios":[],"group_of_quantity":0,"min_quantity":0,"max_quantity":"","exclude_order_quantity_value_rules":"no","exclude_category_quantity_rules":"no","combine_variations":"no","_links":{"self":[{"href":"https:\/\/aloudmusic.com\/en\/wp-json\/wp\/v2\/product\/14057","targetHints":{"allow":["GET"]}}],"collection":[{"href":"https:\/\/aloudmusic.com\/en\/wp-json\/wp\/v2\/product"}],"about":[{"href":"https:\/\/aloudmusic.com\/en\/wp-json\/wp\/v2\/types\/product"}],"replies":[{"embeddable":true,"href":"https:\/\/aloudmusic.com\/en\/wp-json\/wp\/v2\/comments?post=14057"}],"wp:featuredmedia":[{"embeddable":true,"href":"https:\/\/aloudmusic.com\/en\/wp-json\/wp\/v2\/media\/14054"}],"wp:attachment":[{"href":"https:\/\/aloudmusic.com\/en\/wp-json\/wp\/v2\/media?parent=14057"}],"wp:term":[{"taxonomy":"product_brand","embeddable":true,"href":"https:\/\/aloudmusic.com\/en\/wp-json\/wp\/v2\/product_brand?post=14057"},{"taxonomy":"product_cat","embeddable":true,"href":"https:\/\/aloudmusic.com\/en\/wp-json\/wp\/v2\/product_cat?post=14057"},{"taxonomy":"product_tag","embeddable":true,"href":"https:\/\/aloudmusic.com\/en\/wp-json\/wp\/v2\/product_tag?post=14057"}],"curies":[{"name":"wp","href":"https:\/\/api.w.org\/{rel}","templated":true}]}}