{"id":26457,"date":"2025-07-22T12:10:24","date_gmt":"2025-07-22T11:10:24","guid":{"rendered":"https:\/\/aloudmusic.com\/music-publishing\/"},"modified":"2026-02-27T17:45:45","modified_gmt":"2026-02-27T16:45:45","slug":"music-publishing","status":"publish","type":"page","link":"https:\/\/aloudmusic.com\/en\/music-publishing\/","title":{"rendered":"Music Publishing"},"content":{"rendered":"<div class=\"wpb-content-wrapper\"><p>[vc_row][vc_column][vc_empty_space][vc_column_text css=&#8221;&#8221;]<\/p>\n<h3 style=\"text-align: center;\">ALOUD MUSIC \u00b7 MUSIC PUBLISHING<\/h3>\n<p>[\/vc_column_text][vc_empty_space][\/vc_column][\/vc_row][vc_row][vc_column][vc_column_text css=&#8221;&#8221;]<\/p>\n<p>\nAloud Music es un artefacto sonoro que engloba diversos proyectos culturales entre los que se incluye una selecta e interesante editorial musical que lleva trabajando desde 2003 poniendo m\u00fasica en varios formatos como series de televisi\u00f3n, pel\u00edculas, anuncios y otras vertientes de la cultura.\r\n<p>\nNo trabajamos, por decisi\u00f3n propia, para determinadas marcas o proyectos que se alejen de nuestra visi\u00f3n pol\u00edtica de la cultura.\r\n<p>\nAqu\u00ed abajo te proponemos una serie de playlists, separadas por g\u00e9neros o estilos, por si quieres escuchar y conocer m\u00fasicas que puedas usar en tus proyectos. Creemos en las redes de apoyo mutuo, por lo que no dudes en consultarnos si quieres que alguno de \u00e9stos temas est\u00e9 en alguno de tus proyectos. Escribe a <a href=\"https:\/\/aloudmusic.com\/contact\/\">Sergio<\/a> con tu propuesta y hablamos!&#13;\n<p>[\/vc_column_text][vc_empty_space][vc_row_inner][vc_column_inner width=&#8221;1\/2&#8243;][vc_column_text css=&#8221;&#8221;]<\/p>&#13;\n<h4 style=\"text-align: center;\"><a href=\"https:\/\/open.spotify.com\/playlist\/3PLLCQJ4TgMpz1DY5sbgFN?si=c6cf99a792bf4005\">AMBIENT \u00b7 CINEMATOGRAPHIC (SPOTIFY)<\/a><\/h4>&#13;\n<p>[\/vc_column_text]<div class=\"edgtf-audio-playlist-holder\">\n\t<iframe title=\"Spotify Embed: Aloud Music - Ambient (Cinematographic)\" style=\"border-radius: 12px\" width=\"100%\" height=\"352\" frameborder=\"0\" allowfullscreen allow=\"autoplay; clipboard-write; encrypted-media; fullscreen; picture-in-picture\" loading=\"lazy\" src=\"https:\/\/open.spotify.com\/embed\/playlist\/3PLLCQJ4TgMpz1DY5sbgFN?si=294f2b2c40924db3&amp;utm_source=oembed\"><\/iframe><\/div>\n[vc_column_text css=&#8221;&#8221;]<\/p>&#13;\n<p style=\"text-align: center;\"><a href=\"https:\/\/open.spotify.com\/playlist\/3PLLCQJ4TgMpz1DY5sbgFN?si=c6cf99a792bf4005\">Open the playlist on Spotify<\/a><\/p>&#13;\n<p>[\/vc_column_text][vc_empty_space][vc_column_text css=&#8221;&#8221;]<\/p>&#13;\n<h4 style=\"text-align: center;\"><a href=\"https:\/\/open.spotify.com\/playlist\/25rfH8V26sB4VNE4Sf2y14?si=0509f7ca1589442f\">EXPERIMENTAL (SPOTIFY)<\/a><\/h4>&#13;\n<p>[\/vc_column_text]<div class=\"edgtf-audio-playlist-holder\">\n\t<iframe title=\"Spotify Embed: Aloud Music - Experimental\" style=\"border-radius: 12px\" width=\"100%\" height=\"352\" frameborder=\"0\" allowfullscreen allow=\"autoplay; clipboard-write; encrypted-media; fullscreen; picture-in-picture\" loading=\"lazy\" src=\"https:\/\/open.spotify.com\/embed\/playlist\/25rfH8V26sB4VNE4Sf2y14?si=f114640c806245b9&amp;theme=white&amp;utm_source=oembed\"><\/iframe><\/div>\n[vc_column_text css=&#8221;&#8221;]<\/p>&#13;\n<p style=\"text-align: center;\"><a href=\"https:\/\/open.spotify.com\/playlist\/25rfH8V26sB4VNE4Sf2y14?si=0509f7ca1589442f\">Open the playlist on Spotify<\/a><\/p>&#13;\n<p>[\/vc_column_text][vc_empty_space][vc_column_text css=&#8221;&#8221;]<\/p>&#13;\n<h4 style=\"text-align: center;\"><a href=\"https:\/\/open.spotify.com\/playlist\/54852wdrkMYsbqjRLR3dPI?si=718db7750c7441ab\">ENERGETIC<\/a><\/h4>&#13;\n<p>[\/vc_column_text]<div class=\"edgtf-audio-playlist-holder\">\n\t<iframe title=\"Spotify Embed: Aloud Music - Energetic\" style=\"border-radius: 12px\" width=\"100%\" height=\"352\" frameborder=\"0\" allowfullscreen allow=\"autoplay; clipboard-write; encrypted-media; fullscreen; picture-in-picture\" loading=\"lazy\" src=\"https:\/\/open.spotify.com\/embed\/playlist\/54852wdrkMYsbqjRLR3dPI?si=f36bb2ebdc5b4df5&amp;utm_source=oembed\"><\/iframe><\/div>\n[vc_column_text css=&#8221;&#8221;]<\/p>&#13;\n<p style=\"text-align: center;\"><a href=\"https:\/\/open.spotify.com\/playlist\/54852wdrkMYsbqjRLR3dPI?si=718db7750c7441ab\">Open the playlist on Spotify<\/a><\/p>&#13;\n<p>[\/vc_column_text][vc_empty_space][vc_column_text css=&#8221;&#8221;]<\/p>&#13;\n<h4 style=\"text-align: center;\"><a href=\"https:\/\/open.spotify.com\/playlist\/5Az9aStRFqnzjUYxjF3A7K?si=4d01a5907f5f4d6d\">POWERFUL<\/a><\/h4>&#13;\n<p>[\/vc_column_text]<div class=\"edgtf-audio-playlist-holder\">\n\t<iframe title=\"Spotify Embed: Aloud Music - Powerful\" style=\"border-radius: 12px\" width=\"100%\" height=\"352\" frameborder=\"0\" allowfullscreen allow=\"autoplay; clipboard-write; encrypted-media; fullscreen; picture-in-picture\" loading=\"lazy\" src=\"https:\/\/open.spotify.com\/embed\/playlist\/5Az9aStRFqnzjUYxjF3A7K?si=513c806ead6842df&amp;theme=white&amp;utm_source=oembed\"><\/iframe><\/div>\n[vc_column_text css=&#8221;&#8221;]<\/p>&#13;\n<p style=\"text-align: center;\"><a href=\"https:\/\/open.spotify.com\/playlist\/5Az9aStRFqnzjUYxjF3A7K?si=4d01a5907f5f4d6d\">Open the playlist on Spotify<\/a><\/p>&#13;\n<p>[\/vc_column_text][vc_empty_space][vc_column_text css=&#8221;&#8221;]<\/p>&#13;\n<h4 style=\"text-align: center;\"><a href=\"https:\/\/open.spotify.com\/playlist\/4cpM5whCyWDiAxFgnMGCsD?si=e38cfcf243f84bd9\">ACOUSTIC<\/a><\/h4>&#13;\n<p>[\/vc_column_text]<div class=\"edgtf-audio-playlist-holder\">\n\t<iframe title=\"Spotify Embed: Aloud Music - Acoustic\" style=\"border-radius: 12px\" width=\"100%\" height=\"352\" frameborder=\"0\" allowfullscreen allow=\"autoplay; clipboard-write; encrypted-media; fullscreen; picture-in-picture\" loading=\"lazy\" src=\"https:\/\/open.spotify.com\/embed\/playlist\/4cpM5whCyWDiAxFgnMGCsD?si=fc48eed564ae48bf&amp;utm_source=oembed\"><\/iframe><\/div>\n[vc_column_text css=&#8221;&#8221;]<\/p>&#13;\n<p style=\"text-align: center;\"><a href=\"https:\/\/open.spotify.com\/playlist\/4cpM5whCyWDiAxFgnMGCsD?si=e38cfcf243f84bd9\">Open the playlist on Spotify<\/a><\/p>&#13;\n<p>[\/vc_column_text][vc_empty_space][vc_column_text css=&#8221;&#8221;]<\/p>&#13;\n<h4 style=\"text-align: center;\"><a href=\"https:\/\/open.spotify.com\/playlist\/168yB64FMQHbm3waEszoQR?si=2e8d90b120d441a6\">MELANCHOLIC<\/a><\/h4>&#13;\n<p>[\/vc_column_text]<div class=\"edgtf-audio-playlist-holder\">\n\t<iframe title=\"Spotify Embed: Aloud Music - Melancholic\" style=\"border-radius: 12px\" width=\"100%\" height=\"352\" frameborder=\"0\" allowfullscreen allow=\"autoplay; clipboard-write; encrypted-media; fullscreen; picture-in-picture\" loading=\"lazy\" src=\"https:\/\/open.spotify.com\/embed\/playlist\/168yB64FMQHbm3waEszoQR?si=902e2261dde34a6d&amp;theme=white&amp;utm_source=oembed\"><\/iframe><\/div>\n[vc_column_text css=&#8221;&#8221;]<\/p>&#13;\n<p style=\"text-align: center;\"><a href=\"https:\/\/open.spotify.com\/playlist\/168yB64FMQHbm3waEszoQR?si=2e8d90b120d441a6\">Open the playlist on Spotify<\/a><\/p>&#13;\n<p>[\/vc_column_text][vc_empty_space][vc_column_text css=&#8221;&#8221;]<\/p>&#13;\n<h4 style=\"text-align: center;\"><a href=\"https:\/\/open.spotify.com\/playlist\/7mBQ2oqkJgO6YblionCCLd?si=e0bf733f1ec34ad1\">EN CATAL\u00c0<\/a><\/h4>&#13;\n<p>[\/vc_column_text]<div class=\"edgtf-audio-playlist-holder\">\n\t<iframe title=\"Spotify Embed: Aloud Music - En Catal\u00e0\" style=\"border-radius: 12px\" width=\"100%\" height=\"352\" frameborder=\"0\" allowfullscreen allow=\"autoplay; clipboard-write; encrypted-media; fullscreen; picture-in-picture\" loading=\"lazy\" src=\"https:\/\/open.spotify.com\/embed\/playlist\/7mBQ2oqkJgO6YblionCCLd?si=460b49eaa8c24394&amp;utm_source=oembed\"><\/iframe><\/div>\n[vc_column_text css=&#8221;&#8221;]<\/p>&#13;\n<p style=\"text-align: center;\"><a href=\"https:\/\/open.spotify.com\/playlist\/7mBQ2oqkJgO6YblionCCLd?si=e0bf733f1ec34ad1\">Open the playlist on Spotify<\/a><\/p>&#13;\n<p>[\/vc_column_text][vc_empty_space][vc_column_text css=&#8221;&#8221;]<\/p>&#13;\n<h4 style=\"text-align: center;\"><a href=\"https:\/\/open.spotify.com\/playlist\/5PspQSDomA9QwWYMsQb846?si=20d7f83750064a7e\">EN CASTELLANO<\/a><\/h4>&#13;\n<p>[\/vc_column_text]<div class=\"edgtf-audio-playlist-holder\">\n\t<iframe title=\"Spotify Embed: Aloud Music - In Spanish Music\" style=\"border-radius: 12px\" width=\"100%\" height=\"352\" frameborder=\"0\" allowfullscreen allow=\"autoplay; clipboard-write; encrypted-media; fullscreen; picture-in-picture\" loading=\"lazy\" src=\"https:\/\/open.spotify.com\/embed\/playlist\/5PspQSDomA9QwWYMsQb846?si=5a0e763801744767&amp;theme=white&amp;utm_source=oembed\"><\/iframe><\/div>\n[vc_column_text css=&#8221;&#8221;]<\/p>&#13;\n<p style=\"text-align: center;\"><a href=\"https:\/\/open.spotify.com\/playlist\/5PspQSDomA9QwWYMsQb846?si=20d7f83750064a7e\">Open the playlist on Spotify<\/a><\/p>&#13;\n<p>[\/vc_column_text][vc_empty_space][\/vc_column_inner][vc_column_inner width=&#8221;1\/2&#8243;][vc_column_text css=&#8221;&#8221;]<\/p>&#13;\n<h4 style=\"text-align: center;\">AMBIENT \u00b7 CINEMATOGRAPHIC (TIDAL)<\/h4>&#13;\n<p>[\/vc_column_text][vc_empty_space][vc_raw_html css=&#8221;&#8221;]PGNlbnRlcj48aWZyYW1lIHNyYz0iaHR0cHM6Ly9lbWJlZC50aWRhbC5jb20vcGxheWxpc3RzL2Y3ZmE5NjAyLWNjNTktNGNmYy04NTBhLWZmZTQ1NTA1MWY0YiIgd2lkdGg9IjUwMCIgaGVpZ2h0PSIyNzUiIGFsbG93PSJlbmNyeXB0ZWQtbWVkaWE7IGZ1bGxzY3JlZW47IGNsaXBib2FyZC13cml0ZSBodHRwczovL2VtYmVkLnRpZGFsLmNvbTsgd2ViLXNoYXJlIiBzYW5kYm94PSJhbGxvdy1zYW1lLW9yaWdpbiBhbGxvdy1zY3JpcHRzIGFsbG93LWZvcm1zIGFsbG93LXBvcHVwcyBhbGxvdy1wb3B1cHMtdG8tZXNjYXBlLXNhbmRib3giIHN0eWxlPSJjb2xvci1zY2hlbWU6IGxpZ2h0IGRhcmsiIHRpdGxlPSJUSURBTCBFbWJlZCBQbGF5ZXIiPjwvaWZyYW1lPjwvY2VudGVyPg==[\/vc_raw_html][vc_empty_space][vc_column_text css=&#8221;&#8221;]<\/p>&#13;\n<h4 style=\"text-align: center;\">AMBIENT \u00b7 EXPERIMENTAL (TIDAL)<\/h4>&#13;\n<p>[\/vc_column_text][vc_empty_space][vc_raw_html css=&#8221;&#8221;]PGNlbnRlcj48aWZyYW1lIHNyYz0iaHR0cHM6Ly9lbWJlZC50aWRhbC5jb20vcGxheWxpc3RzLzQyZDc0ZjZlLWI3NGMtNDMzYS04MmMyLTM4ZjQ0OTBmYjg1OCIgd2lkdGg9IjUwMCIgaGVpZ2h0PSIyNzUiIGFsbG93PSJlbmNyeXB0ZWQtbWVkaWE7IGZ1bGxzY3JlZW47IGNsaXBib2FyZC13cml0ZSBodHRwczovL2VtYmVkLnRpZGFsLmNvbTsgd2ViLXNoYXJlIiBzYW5kYm94PSJhbGxvdy1zYW1lLW9yaWdpbiBhbGxvdy1zY3JpcHRzIGFsbG93LWZvcm1zIGFsbG93LXBvcHVwcyBhbGxvdy1wb3B1cHMtdG8tZXNjYXBlLXNhbmRib3giIHN0eWxlPSJjb2xvci1zY2hlbWU6IGxpZ2h0IGRhcmsiIHRpdGxlPSJUSURBTCBFbWJlZCBQbGF5ZXIiPjwvaWZyYW1lPjwvY2VudGVyPg==[\/vc_raw_html][vc_empty_space][vc_column_text css=&#8221;&#8221;]<\/p>&#13;\n<h4 style=\"text-align: center;\">AMBIENT \u00b7 ENERGETIC (TIDAL)<\/h4>&#13;\n<p>[\/vc_column_text][vc_empty_space][vc_raw_html css=&#8221;&#8221;]PGNlbnRlcj48aWZyYW1lIHNyYz0iaHR0cHM6Ly9lbWJlZC50aWRhbC5jb20vcGxheWxpc3RzLzcwN2ZhMzA2LWIyYjAtNDM5My1iNWIwLTBiMGQzYzVkN2ZlZSIgd2lkdGg9IjUwMCIgaGVpZ2h0PSIyNzUiIGFsbG93PSJlbmNyeXB0ZWQtbWVkaWE7IGZ1bGxzY3JlZW47IGNsaXBib2FyZC13cml0ZSBodHRwczovL2VtYmVkLnRpZGFsLmNvbTsgd2ViLXNoYXJlIiBzYW5kYm94PSJhbGxvdy1zYW1lLW9yaWdpbiBhbGxvdy1zY3JpcHRzIGFsbG93LWZvcm1zIGFsbG93LXBvcHVwcyBhbGxvdy1wb3B1cHMtdG8tZXNjYXBlLXNhbmRib3giIHN0eWxlPSJjb2xvci1zY2hlbWU6IGxpZ2h0IGRhcmsiIHRpdGxlPSJUSURBTCBFbWJlZCBQbGF5ZXIiPjwvaWZyYW1lPjwvY2VudGVyPg==[\/vc_raw_html][vc_empty_space][vc_column_text css=&#8221;&#8221;]<\/p>&#13;\n<h4 style=\"text-align: center;\">AMBIENT \u00b7 POWERFUL (TIDAL)<\/h4>&#13;\n<p>[\/vc_column_text][vc_empty_space][vc_raw_html css=&#8221;&#8221;]PGNlbnRlcj48aWZyYW1lIHNyYz0iaHR0cHM6Ly9lbWJlZC50aWRhbC5jb20vcGxheWxpc3RzLzU0MWUwNDA5LTM2OWMtNDNjNy05NzAxLWY2ZjUyMWQwZmM1YSIgd2lkdGg9IjUwMCIgaGVpZ2h0PSIyNzUiIGFsbG93PSJlbmNyeXB0ZWQtbWVkaWE7IGZ1bGxzY3JlZW47IGNsaXBib2FyZC13cml0ZSBodHRwczovL2VtYmVkLnRpZGFsLmNvbTsgd2ViLXNoYXJlIiBzYW5kYm94PSJhbGxvdy1zYW1lLW9yaWdpbiBhbGxvdy1zY3JpcHRzIGFsbG93LWZvcm1zIGFsbG93LXBvcHVwcyBhbGxvdy1wb3B1cHMtdG8tZXNjYXBlLXNhbmRib3giIHN0eWxlPSJjb2xvci1zY2hlbWU6IGxpZ2h0IGRhcmsiIHRpdGxlPSJUSURBTCBFbWJlZCBQbGF5ZXIiPjwvaWZyYW1lPjwvY2VudGVyPg==[\/vc_raw_html][vc_empty_space][vc_column_text css=&#8221;&#8221;]<\/p>&#13;\n<h4 style=\"text-align: center;\">ACOUSTIC (TIDAL)<\/h4>&#13;\n<p>[\/vc_column_text][vc_empty_space][vc_raw_html css=&#8221;&#8221;]PGNlbnRlcj48aWZyYW1lIHNyYz0iaHR0cHM6Ly9lbWJlZC50aWRhbC5jb20vcGxheWxpc3RzLzNjMDU1MzFmLWQ1MTQtNDJmYy05MzgwLWMxYzlmMzU2NDE5ZSIgd2lkdGg9IjUwMCIgaGVpZ2h0PSIyNzUiIGFsbG93PSJlbmNyeXB0ZWQtbWVkaWE7IGZ1bGxzY3JlZW47IGNsaXBib2FyZC13cml0ZSBodHRwczovL2VtYmVkLnRpZGFsLmNvbTsgd2ViLXNoYXJlIiBzYW5kYm94PSJhbGxvdy1zYW1lLW9yaWdpbiBhbGxvdy1zY3JpcHRzIGFsbG93LWZvcm1zIGFsbG93LXBvcHVwcyBhbGxvdy1wb3B1cHMtdG8tZXNjYXBlLXNhbmRib3giIHN0eWxlPSJjb2xvci1zY2hlbWU6IGxpZ2h0IGRhcmsiIHRpdGxlPSJUSURBTCBFbWJlZCBQbGF5ZXIiPjwvaWZyYW1lPjwvY2VudGVyPg==[\/vc_raw_html][vc_empty_space][vc_column_text css=&#8221;&#8221;]<\/p>&#13;\n<h4 style=\"text-align: center;\">MELANCHOLIC (TIDAL)<\/h4>&#13;\n<p>[\/vc_column_text][vc_empty_space][vc_raw_html css=&#8221;&#8221;]PGNlbnRlcj48aWZyYW1lIHNyYz0iaHR0cHM6Ly9lbWJlZC50aWRhbC5jb20vcGxheWxpc3RzLzIxNGFkNjc2LTQ5MGMtNDRjZC1hNzE2LWY0ZmFmNDRhM2YxMyIgd2lkdGg9IjUwMCIgaGVpZ2h0PSIyNzUiIGFsbG93PSJlbmNyeXB0ZWQtbWVkaWE7IGZ1bGxzY3JlZW47IGNsaXBib2FyZC13cml0ZSBodHRwczovL2VtYmVkLnRpZGFsLmNvbTsgd2ViLXNoYXJlIiBzYW5kYm94PSJhbGxvdy1zYW1lLW9yaWdpbiBhbGxvdy1zY3JpcHRzIGFsbG93LWZvcm1zIGFsbG93LXBvcHVwcyBhbGxvdy1wb3B1cHMtdG8tZXNjYXBlLXNhbmRib3giIHN0eWxlPSJjb2xvci1zY2hlbWU6IGxpZ2h0IGRhcmsiIHRpdGxlPSJUSURBTCBFbWJlZCBQbGF5ZXIiPjwvaWZyYW1lPjwvY2VudGVyPg==[\/vc_raw_html][vc_empty_space][vc_column_text css=&#8221;&#8221;]<\/p>&#13;\n<h4 style=\"text-align: center;\">EN CATAL\u00c0 (TIDAL)<\/h4>&#13;\n<p>[\/vc_column_text][vc_empty_space][vc_raw_html css=&#8221;&#8221;]PGNlbnRlcj48aWZyYW1lIHNyYz0iaHR0cHM6Ly9lbWJlZC50aWRhbC5jb20vcGxheWxpc3RzLzkzMDQ2MDliLTFhMTktNDE4MC1iZjA5LWFiZDIxOGU5MjY1YiIgd2lkdGg9IjUwMCIgaGVpZ2h0PSIyNzUiIGFsbG93PSJlbmNyeXB0ZWQtbWVkaWE7IGZ1bGxzY3JlZW47IGNsaXBib2FyZC13cml0ZSBodHRwczovL2VtYmVkLnRpZGFsLmNvbTsgd2ViLXNoYXJlIiBzYW5kYm94PSJhbGxvdy1zYW1lLW9yaWdpbiBhbGxvdy1zY3JpcHRzIGFsbG93LWZvcm1zIGFsbG93LXBvcHVwcyBhbGxvdy1wb3B1cHMtdG8tZXNjYXBlLXNhbmRib3giIHN0eWxlPSJjb2xvci1zY2hlbWU6IGxpZ2h0IGRhcmsiIHRpdGxlPSJUSURBTCBFbWJlZCBQbGF5ZXIiPjwvaWZyYW1lPjwvY2VudGVyPg==[\/vc_raw_html][vc_empty_space][vc_column_text css=&#8221;&#8221;]<\/p>&#13;\n<h4 style=\"text-align: center;\">EN CASTELLANO (TIDAL)<\/h4>&#13;\n<p>[\/vc_column_text][vc_empty_space][vc_raw_html css=&#8221;&#8221;]PGNlbnRlcj48aWZyYW1lIHNyYz0iaHR0cHM6Ly9lbWJlZC50aWRhbC5jb20vcGxheWxpc3RzL2E4Nzg1YjFkLWFkMWMtNDhhMy04NzljLWIwNWY1YzY4ZWNiYiIgd2lkdGg9IjUwMCIgaGVpZ2h0PSIyNzUiIGFsbG93PSJlbmNyeXB0ZWQtbWVkaWE7IGZ1bGxzY3JlZW47IGNsaXBib2FyZC13cml0ZSBodHRwczovL2VtYmVkLnRpZGFsLmNvbTsgd2ViLXNoYXJlIiBzYW5kYm94PSJhbGxvdy1zYW1lLW9yaWdpbiBhbGxvdy1zY3JpcHRzIGFsbG93LWZvcm1zIGFsbG93LXBvcHVwcyBhbGxvdy1wb3B1cHMtdG8tZXNjYXBlLXNhbmRib3giIHN0eWxlPSJjb2xvci1zY2hlbWU6IGxpZ2h0IGRhcmsiIHRpdGxlPSJUSURBTCBFbWJlZCBQbGF5ZXIiPjwvaWZyYW1lPjwvY2VudGVyPg==[\/vc_raw_html][vc_empty_space][\/vc_column_inner][\/vc_row_inner][vc_empty_space][vc_column_text css=&#8221;&#8221;]<\/p>&#13;\n<p><a href=\"https:\/\/aloudmusic.com\/en\/contact-aloud\/\">Get in touch with Aloud!<\/a><\/p>&#13;\n<p>[\/vc_column_text][\/vc_column][\/vc_row]<\/p><\/div>","protected":false},"excerpt":{"rendered":"<p>[vc_row][vc_column][vc_empty_space][vc_column_text css=&#8221;&#8221;] ALOUD MUSIC \u00b7 MUSIC PUBLISHING [\/vc_column_text][vc_empty_space][\/vc_column][\/vc_row][vc_row][vc_column][vc_column_text css=&#8221;&#8221;] Aloud Music es un artefacto sonoro que engloba diversos proyectos culturales entre los que se incluye una selecta e interesante editorial musical que lleva trabajando desde 2003 poniendo m\u00fasica en varios formatos como series de televisi\u00f3n,&#8230;<\/p>\n","protected":false},"author":1,"featured_media":0,"parent":0,"menu_order":0,"comment_status":"closed","ping_status":"closed","template":"","meta":{"footnotes":""},"class_list":["post-26457","page","type-page","status-publish","hentry"],"_links":{"self":[{"href":"https:\/\/aloudmusic.com\/en\/wp-json\/wp\/v2\/pages\/26457","targetHints":{"allow":["GET"]}}],"collection":[{"href":"https:\/\/aloudmusic.com\/en\/wp-json\/wp\/v2\/pages"}],"about":[{"href":"https:\/\/aloudmusic.com\/en\/wp-json\/wp\/v2\/types\/page"}],"author":[{"embeddable":true,"href":"https:\/\/aloudmusic.com\/en\/wp-json\/wp\/v2\/users\/1"}],"replies":[{"embeddable":true,"href":"https:\/\/aloudmusic.com\/en\/wp-json\/wp\/v2\/comments?post=26457"}],"version-history":[{"count":1,"href":"https:\/\/aloudmusic.com\/en\/wp-json\/wp\/v2\/pages\/26457\/revisions"}],"predecessor-version":[{"id":26458,"href":"https:\/\/aloudmusic.com\/en\/wp-json\/wp\/v2\/pages\/26457\/revisions\/26458"}],"wp:attachment":[{"href":"https:\/\/aloudmusic.com\/en\/wp-json\/wp\/v2\/media?parent=26457"}],"curies":[{"name":"wp","href":"https:\/\/api.w.org\/{rel}","templated":true}]}}